{"id":15732,"date":"2024-06-29T11:39:43","date_gmt":"2024-06-29T11:39:43","guid":{"rendered":"https:\/\/analizgumruk.com.tr\/en\/?page_id=15732"},"modified":"2024-12-07T21:11:56","modified_gmt":"2024-12-07T21:11:56","slug":"petroleum-derivatives-and-petrochemicals","status":"publish","type":"page","link":"https:\/\/www.analizgumruk.com.tr\/en\/sectors\/petroleum-derivatives-and-petrochemicals\/","title":{"rendered":"Petroleum, Der\u0131vat\u0131ves, and Petrochem\u0131cals"},"content":{"rendered":"\t\t<div data-elementor-type=\"wp-page\" data-elementor-id=\"15732\" class=\"elementor elementor-15732\">\n\t\t\t\t\t\t<section class=\"elementor-section elementor-top-section elementor-element elementor-element-ee4178a elementor-section-content-middle elementor-section-full_width wd-section-stretch elementor-section-height-default elementor-section-height-default\" data-id=\"ee4178a\" data-element_type=\"section\">\n\t\t\t\t\t\t<div class=\"elementor-container elementor-column-gap-no\">\n\t\t\t\t\t<div class=\"elementor-column elementor-col-100 elementor-top-column elementor-element elementor-element-e1de0fa\" data-id=\"e1de0fa\" data-element_type=\"column\">\n\t\t\t<div class=\"elementor-widget-wrap elementor-element-populated\">\n\t\t\t\t\t\t<div class=\"elementor-element elementor-element-0cfd020 elementor-widget elementor-widget-heading\" data-id=\"0cfd020\" data-element_type=\"widget\" data-widget_type=\"heading.default\">\n\t\t\t\t<div class=\"elementor-widget-container\">\n\t\t\t\t\t<h2 class=\"elementor-heading-title elementor-size-default\">Petroleum, Derivatives, And Petrochemical Industry<\/h2>\t\t\t\t<\/div>\n\t\t\t\t<\/div>\n\t\t\t\t\t<\/div>\n\t\t<\/div>\n\t\t\t\t\t<\/div>\n\t\t<\/section>\n\t\t<div class=\"elementor-element elementor-element-26df28b3 wd-section-stretch e-flex e-con-boxed e-con e-parent\" data-id=\"26df28b3\" data-element_type=\"container\">\n\t\t\t\t\t<div class=\"e-con-inner\">\n\t\t<div class=\"elementor-element elementor-element-4ae84230 e-con-full e-flex e-con e-child\" data-id=\"4ae84230\" data-element_type=\"container\">\n\t\t\t\t<div class=\"elementor-element elementor-element-4f5a0c74 color-scheme-inherit text-left elementor-widget elementor-widget-text-editor\" data-id=\"4f5a0c74\" data-element_type=\"widget\" data-widget_type=\"text-editor.default\">\n\t\t\t\t<div class=\"elementor-widget-container\">\n\t\t\t\t\t\t\t\t\t<p>Customs consultancy services in the chemical industry require specialized expertise. Strict health, safety, and environmental standards in chemical products necessitate deep knowledge and the flawless and secure execution of customs processes. As seen in the data below, the chemical sector has significantly impacted Turkey&#8217;s foreign trade. Therefore, efficient customs management ensures timely procurement of inputs and facilitates cost-effective access to international markets for final products.<\/p><p>Furthermore, frequent changes in customs regulations and trade barriers in the chemical sector present critical risks, requiring effective tracking, reporting, and coordination mechanisms. At AGM, we manage these risks effectively, ensuring our clients can trade seamlessly and securely. We have been collaborating for many years with leading companies in Turkey&#8217;s petrochemical, chemical products, plastics, and rubber sectors. Our experience shows that the needs of each chemical company are unique. Therefore, we are pleased to provide services tailored to the specific requirements of each business.<\/p>\t\t\t\t\t\t\t\t<\/div>\n\t\t\t\t<\/div>\n\t\t\t\t<\/div>\n\t\t<div class=\"elementor-element elementor-element-1ae3b672 e-con-full e-flex e-con e-child\" data-id=\"1ae3b672\" data-element_type=\"container\">\n\t\t\t\t<div class=\"elementor-element elementor-element-16ec7c8 elementor-widget elementor-widget-image\" data-id=\"16ec7c8\" data-element_type=\"widget\" data-widget_type=\"image.default\">\n\t\t\t\t<div class=\"elementor-widget-container\">\n\t\t\t\t\t\t\t\t\t\t\t\t\t\t\t<img fetchpriority=\"high\" decoding=\"async\" width=\"2560\" height=\"1453\" src=\"https:\/\/www.analizgumruk.com.tr\/en\/wp-content\/uploads\/2024\/09\/6.6.PetrolTArevlerivePetro-Kimya-ezgif.com-optiwebp-scaled.webp\" class=\"attachment-full size-full wp-image-16539\" alt=\"\" srcset=\"https:\/\/www.analizgumruk.com.tr\/en\/wp-content\/uploads\/2024\/09\/6.6.PetrolTArevlerivePetro-Kimya-ezgif.com-optiwebp-scaled.webp 2560w, https:\/\/www.analizgumruk.com.tr\/en\/wp-content\/uploads\/2024\/09\/6.6.PetrolTArevlerivePetro-Kimya-ezgif.com-optiwebp-400x227.webp 400w, https:\/\/www.analizgumruk.com.tr\/en\/wp-content\/uploads\/2024\/09\/6.6.PetrolTArevlerivePetro-Kimya-ezgif.com-optiwebp-1300x738.webp 1300w, https:\/\/www.analizgumruk.com.tr\/en\/wp-content\/uploads\/2024\/09\/6.6.PetrolTArevlerivePetro-Kimya-ezgif.com-optiwebp-768x436.webp 768w, https:\/\/www.analizgumruk.com.tr\/en\/wp-content\/uploads\/2024\/09\/6.6.PetrolTArevlerivePetro-Kimya-ezgif.com-optiwebp-1536x872.webp 1536w, https:\/\/www.analizgumruk.com.tr\/en\/wp-content\/uploads\/2024\/09\/6.6.PetrolTArevlerivePetro-Kimya-ezgif.com-optiwebp-2048x1162.webp 2048w\" sizes=\"(max-width: 2560px) 100vw, 2560px\" \/>\t\t\t\t\t\t\t\t\t\t\t\t\t\t\t<\/div>\n\t\t\t\t<\/div>\n\t\t\t\t<\/div>\n\t\t\t\t\t<\/div>\n\t\t\t\t<\/div>\n\t\t<div class=\"elementor-element elementor-element-8df78f7 wd-section-stretch e-flex e-con-boxed e-con e-parent\" data-id=\"8df78f7\" data-element_type=\"container\">\n\t\t\t\t\t<div class=\"e-con-inner\">\n\t\t<div class=\"elementor-element elementor-element-3a84262 e-con-full e-flex e-con e-child\" data-id=\"3a84262\" data-element_type=\"container\">\n\t\t\t\t<div class=\"elementor-element elementor-element-8c8c7e5 color-scheme-inherit text-left elementor-widget elementor-widget-text-editor\" data-id=\"8c8c7e5\" data-element_type=\"widget\" data-widget_type=\"text-editor.default\">\n\t\t\t\t<div class=\"elementor-widget-container\">\n\t\t\t\t\t\t\t\t\t<p><strong>Chemical Industry (NACE Rev.2- 20)<\/strong><\/p>\t\t\t\t\t\t\t\t<\/div>\n\t\t\t\t<\/div>\n\t\t\t\t<div class=\"elementor-element elementor-element-bae3f75 elementor-widget elementor-widget-image\" data-id=\"bae3f75\" data-element_type=\"widget\" data-widget_type=\"image.default\">\n\t\t\t\t<div class=\"elementor-widget-container\">\n\t\t\t\t\t\t\t\t\t\t\t\t\t\t\t<img decoding=\"async\" width=\"1452\" height=\"358\" src=\"https:\/\/www.analizgumruk.com.tr\/en\/wp-content\/uploads\/2024\/12\/Ekran-Resmi-2024-12-07-23.18.44.png\" class=\"attachment-full size-full wp-image-17620\" alt=\"\" srcset=\"https:\/\/www.analizgumruk.com.tr\/en\/wp-content\/uploads\/2024\/12\/Ekran-Resmi-2024-12-07-23.18.44.png 1452w, https:\/\/www.analizgumruk.com.tr\/en\/wp-content\/uploads\/2024\/12\/Ekran-Resmi-2024-12-07-23.18.44-400x99.png 400w, https:\/\/www.analizgumruk.com.tr\/en\/wp-content\/uploads\/2024\/12\/Ekran-Resmi-2024-12-07-23.18.44-1300x321.png 1300w, https:\/\/www.analizgumruk.com.tr\/en\/wp-content\/uploads\/2024\/12\/Ekran-Resmi-2024-12-07-23.18.44-768x189.png 768w\" sizes=\"(max-width: 1452px) 100vw, 1452px\" \/>\t\t\t\t\t\t\t\t\t\t\t\t\t\t\t<\/div>\n\t\t\t\t<\/div>\n\t\t\t\t<\/div>\n\t\t<div class=\"elementor-element elementor-element-26b1e56 e-con-full e-flex e-con e-child\" data-id=\"26b1e56\" data-element_type=\"container\">\n\t\t\t\t<div class=\"elementor-element elementor-element-358a79b color-scheme-inherit text-left elementor-widget elementor-widget-text-editor\" data-id=\"358a79b\" data-element_type=\"widget\" data-widget_type=\"text-editor.default\">\n\t\t\t\t<div class=\"elementor-widget-container\">\n\t\t\t\t\t\t\t\t\t<p><strong>Rubber and Plastics Industry (NACE Rev.2- 22)<\/strong><\/p>\t\t\t\t\t\t\t\t<\/div>\n\t\t\t\t<\/div>\n\t\t\t\t<div class=\"elementor-element elementor-element-8625f92 elementor-widget elementor-widget-image\" data-id=\"8625f92\" data-element_type=\"widget\" data-widget_type=\"image.default\">\n\t\t\t\t<div class=\"elementor-widget-container\">\n\t\t\t\t\t\t\t\t\t\t\t\t\t\t\t<img decoding=\"async\" width=\"1452\" height=\"358\" src=\"https:\/\/www.analizgumruk.com.tr\/en\/wp-content\/uploads\/2024\/12\/Ekran-Resmi-2024-12-07-23.18.57.png\" class=\"attachment-full size-full wp-image-17621\" alt=\"\" srcset=\"https:\/\/www.analizgumruk.com.tr\/en\/wp-content\/uploads\/2024\/12\/Ekran-Resmi-2024-12-07-23.18.57.png 1452w, https:\/\/www.analizgumruk.com.tr\/en\/wp-content\/uploads\/2024\/12\/Ekran-Resmi-2024-12-07-23.18.57-400x99.png 400w, https:\/\/www.analizgumruk.com.tr\/en\/wp-content\/uploads\/2024\/12\/Ekran-Resmi-2024-12-07-23.18.57-1300x321.png 1300w, https:\/\/www.analizgumruk.com.tr\/en\/wp-content\/uploads\/2024\/12\/Ekran-Resmi-2024-12-07-23.18.57-768x189.png 768w\" sizes=\"(max-width: 1452px) 100vw, 1452px\" \/>\t\t\t\t\t\t\t\t\t\t\t\t\t\t\t<\/div>\n\t\t\t\t<\/div>\n\t\t\t\t<\/div>\n\t\t\t\t\t<\/div>\n\t\t\t\t<\/div>\n\t\t\t\t<\/div>\n\t\t","protected":false},"excerpt":{"rendered":"<p>Petroleum, Derivatives, And Petrochemical Industry Customs consultancy services in the chemical industry require specialized expertise. Strict health, safety, and environmental<\/p>\n","protected":false},"author":1,"featured_media":0,"parent":15645,"menu_order":0,"comment_status":"closed","ping_status":"closed","template":"","meta":{"footnotes":""},"class_list":["post-15732","page","type-page","status-publish","hentry"],"_links":{"self":[{"href":"https:\/\/www.analizgumruk.com.tr\/en\/wp-json\/wp\/v2\/pages\/15732"}],"collection":[{"href":"https:\/\/www.analizgumruk.com.tr\/en\/wp-json\/wp\/v2\/pages"}],"about":[{"href":"https:\/\/www.analizgumruk.com.tr\/en\/wp-json\/wp\/v2\/types\/page"}],"author":[{"embeddable":true,"href":"https:\/\/www.analizgumruk.com.tr\/en\/wp-json\/wp\/v2\/users\/1"}],"replies":[{"embeddable":true,"href":"https:\/\/www.analizgumruk.com.tr\/en\/wp-json\/wp\/v2\/comments?post=15732"}],"version-history":[{"count":19,"href":"https:\/\/www.analizgumruk.com.tr\/en\/wp-json\/wp\/v2\/pages\/15732\/revisions"}],"predecessor-version":[{"id":17674,"href":"https:\/\/www.analizgumruk.com.tr\/en\/wp-json\/wp\/v2\/pages\/15732\/revisions\/17674"}],"up":[{"embeddable":true,"href":"https:\/\/www.analizgumruk.com.tr\/en\/wp-json\/wp\/v2\/pages\/15645"}],"wp:attachment":[{"href":"https:\/\/www.analizgumruk.com.tr\/en\/wp-json\/wp\/v2\/media?parent=15732"}],"curies":[{"name":"wp","href":"https:\/\/api.w.org\/{rel}","templated":true}]}}