{"id":15730,"date":"2024-06-29T11:39:03","date_gmt":"2024-06-29T11:39:03","guid":{"rendered":"https:\/\/analizgumruk.com.tr\/en\/?page_id=15730"},"modified":"2024-12-07T21:11:25","modified_gmt":"2024-12-07T21:11:25","slug":"automotive-core-and-supporting-industries","status":"publish","type":"page","link":"https:\/\/www.analizgumruk.com.tr\/en\/sectors\/automotive-core-and-supporting-industries\/","title":{"rendered":"Automot\u0131ve Core and Support\u0131ng Industr\u0131es"},"content":{"rendered":"\t\t<div data-elementor-type=\"wp-page\" data-elementor-id=\"15730\" class=\"elementor elementor-15730\">\n\t\t\t\t\t\t<section class=\"elementor-section elementor-top-section elementor-element elementor-element-a622e37 elementor-section-content-middle elementor-section-full_width wd-section-stretch elementor-section-height-default elementor-section-height-default\" data-id=\"a622e37\" data-element_type=\"section\">\n\t\t\t\t\t\t<div class=\"elementor-container elementor-column-gap-no\">\n\t\t\t\t\t<div class=\"elementor-column elementor-col-100 elementor-top-column elementor-element elementor-element-bd28d37\" data-id=\"bd28d37\" data-element_type=\"column\">\n\t\t\t<div class=\"elementor-widget-wrap elementor-element-populated\">\n\t\t\t\t\t\t<div class=\"elementor-element elementor-element-078bd03 elementor-widget elementor-widget-heading\" data-id=\"078bd03\" data-element_type=\"widget\" data-widget_type=\"heading.default\">\n\t\t\t\t<div class=\"elementor-widget-container\">\n\t\t\t\t\t<h2 class=\"elementor-heading-title elementor-size-default\">Motor Vehicle Manufacturing Industry (NACE Rev.2- 29)<\/h2>\t\t\t\t<\/div>\n\t\t\t\t<\/div>\n\t\t\t\t\t<\/div>\n\t\t<\/div>\n\t\t\t\t\t<\/div>\n\t\t<\/section>\n\t\t<div class=\"elementor-element elementor-element-72a48941 wd-section-stretch e-flex e-con-boxed e-con e-parent\" data-id=\"72a48941\" data-element_type=\"container\">\n\t\t\t\t\t<div class=\"e-con-inner\">\n\t\t<div class=\"elementor-element elementor-element-7f03f4f e-con-full e-flex e-con e-child\" data-id=\"7f03f4f\" data-element_type=\"container\">\n\t\t\t\t<div class=\"elementor-element elementor-element-44382df5 color-scheme-inherit text-left elementor-widget elementor-widget-text-editor\" data-id=\"44382df5\" data-element_type=\"widget\" data-widget_type=\"text-editor.default\">\n\t\t\t\t<div class=\"elementor-widget-container\">\n\t\t\t\t\t\t\t\t\t<p>The integration of customs procedures into supply chain management in the automotive sector plays a critical role in adapting to the rapidly changing market dynamics of today. Smart customs solutions, especially through digitalization and automation, significantly enhance the efficiency of import and export processes. The capacity and capability to predict risks and potential disruptions in customs processes in advance enable faster, more secure, and compliant management of the supply chain in the automotive sector, thereby supporting operational excellence in international trade.<\/p>\t\t\t\t\t\t\t\t<\/div>\n\t\t\t\t<\/div>\n\t\t\t\t<\/div>\n\t\t\t\t\t<\/div>\n\t\t\t\t<\/div>\n\t\t<div class=\"elementor-element elementor-element-4e1feb2f wd-section-stretch e-flex e-con-boxed e-con e-parent\" data-id=\"4e1feb2f\" data-element_type=\"container\">\n\t\t\t\t\t<div class=\"e-con-inner\">\n\t\t<div class=\"elementor-element elementor-element-13810f45 e-con-full e-flex e-con e-child\" data-id=\"13810f45\" data-element_type=\"container\">\n\t\t\t\t<div class=\"elementor-element elementor-element-355eaf12 color-scheme-inherit text-left elementor-widget elementor-widget-text-editor\" data-id=\"355eaf12\" data-element_type=\"widget\" data-widget_type=\"text-editor.default\">\n\t\t\t\t<div class=\"elementor-widget-container\">\n\t\t\t\t\t\t\t\t\t<p>At AGM, we ensure the timely and accurate procurement of materials used in the production processes of the main and supply automotive industries. In addition to foreign trade transactions and processes, we provide effective reporting services that offer simple, quick, low-cost, and secure solutions.<\/p><p>Moreover, we have extensive experience working with major manufacturers and importers in the tire industry for many years, allowing us to develop sector-specific solutions. By optimizing the import and export processes of tires, we meet the customs consultancy service needs of our clients.<\/p>\t\t\t\t\t\t\t\t<\/div>\n\t\t\t\t<\/div>\n\t\t\t\t<div class=\"elementor-element elementor-element-3349de4d color-scheme-inherit text-left elementor-widget elementor-widget-text-editor\" data-id=\"3349de4d\" data-element_type=\"widget\" data-widget_type=\"text-editor.default\">\n\t\t\t\t<div class=\"elementor-widget-container\">\n\t\t\t\t\t\t\t\t\t<p><strong>Motor Vehicle Manufacturing Industry (NACE Rev.2- 29)<\/strong><\/p>\t\t\t\t\t\t\t\t<\/div>\n\t\t\t\t<\/div>\n\t\t\t\t<div class=\"elementor-element elementor-element-9566596 elementor-widget elementor-widget-image\" data-id=\"9566596\" data-element_type=\"widget\" data-widget_type=\"image.default\">\n\t\t\t\t<div class=\"elementor-widget-container\">\n\t\t\t\t\t\t\t\t\t\t\t\t\t\t\t<img fetchpriority=\"high\" decoding=\"async\" width=\"1452\" height=\"384\" src=\"https:\/\/www.analizgumruk.com.tr\/en\/wp-content\/uploads\/2024\/12\/Ekran-Resmi-2024-12-07-23.11.51.png\" class=\"attachment-full size-full wp-image-17615\" alt=\"\" srcset=\"https:\/\/www.analizgumruk.com.tr\/en\/wp-content\/uploads\/2024\/12\/Ekran-Resmi-2024-12-07-23.11.51.png 1452w, https:\/\/www.analizgumruk.com.tr\/en\/wp-content\/uploads\/2024\/12\/Ekran-Resmi-2024-12-07-23.11.51-400x106.png 400w, https:\/\/www.analizgumruk.com.tr\/en\/wp-content\/uploads\/2024\/12\/Ekran-Resmi-2024-12-07-23.11.51-1300x344.png 1300w, https:\/\/www.analizgumruk.com.tr\/en\/wp-content\/uploads\/2024\/12\/Ekran-Resmi-2024-12-07-23.11.51-768x203.png 768w\" sizes=\"(max-width: 1452px) 100vw, 1452px\" \/>\t\t\t\t\t\t\t\t\t\t\t\t\t\t\t<\/div>\n\t\t\t\t<\/div>\n\t\t\t\t<\/div>\n\t\t<div class=\"elementor-element elementor-element-6aef271b e-con-full e-flex e-con e-child\" data-id=\"6aef271b\" data-element_type=\"container\">\n\t\t\t\t<div class=\"elementor-element elementor-element-27e83d7e elementor-widget elementor-widget-image\" data-id=\"27e83d7e\" data-element_type=\"widget\" data-widget_type=\"image.default\">\n\t\t\t\t<div class=\"elementor-widget-container\">\n\t\t\t\t\t\t\t\t\t\t\t\t\t\t\t<img decoding=\"async\" width=\"768\" height=\"512\" src=\"https:\/\/www.analizgumruk.com.tr\/en\/wp-content\/uploads\/2024\/09\/6.5.OtomotivAnaveYanSanayi-ezgif.com-optiwebp-768x512.webp\" class=\"attachment-medium_large size-medium_large wp-image-16538\" alt=\"\" srcset=\"https:\/\/www.analizgumruk.com.tr\/en\/wp-content\/uploads\/2024\/09\/6.5.OtomotivAnaveYanSanayi-ezgif.com-optiwebp-768x512.webp 768w, https:\/\/www.analizgumruk.com.tr\/en\/wp-content\/uploads\/2024\/09\/6.5.OtomotivAnaveYanSanayi-ezgif.com-optiwebp-400x267.webp 400w, https:\/\/www.analizgumruk.com.tr\/en\/wp-content\/uploads\/2024\/09\/6.5.OtomotivAnaveYanSanayi-ezgif.com-optiwebp-1200x800.webp 1200w, https:\/\/www.analizgumruk.com.tr\/en\/wp-content\/uploads\/2024\/09\/6.5.OtomotivAnaveYanSanayi-ezgif.com-optiwebp.webp 1500w\" sizes=\"(max-width: 768px) 100vw, 768px\" \/>\t\t\t\t\t\t\t\t\t\t\t\t\t\t\t<\/div>\n\t\t\t\t<\/div>\n\t\t\t\t<\/div>\n\t\t\t\t\t<\/div>\n\t\t\t\t<\/div>\n\t\t\t\t<\/div>\n\t\t","protected":false},"excerpt":{"rendered":"<p>Motor Vehicle Manufacturing Industry (NACE Rev.2- 29) The integration of customs procedures into supply chain management in the automotive sector<\/p>\n","protected":false},"author":1,"featured_media":0,"parent":15645,"menu_order":0,"comment_status":"closed","ping_status":"closed","template":"","meta":{"footnotes":""},"class_list":["post-15730","page","type-page","status-publish","hentry"],"_links":{"self":[{"href":"https:\/\/www.analizgumruk.com.tr\/en\/wp-json\/wp\/v2\/pages\/15730"}],"collection":[{"href":"https:\/\/www.analizgumruk.com.tr\/en\/wp-json\/wp\/v2\/pages"}],"about":[{"href":"https:\/\/www.analizgumruk.com.tr\/en\/wp-json\/wp\/v2\/types\/page"}],"author":[{"embeddable":true,"href":"https:\/\/www.analizgumruk.com.tr\/en\/wp-json\/wp\/v2\/users\/1"}],"replies":[{"embeddable":true,"href":"https:\/\/www.analizgumruk.com.tr\/en\/wp-json\/wp\/v2\/comments?post=15730"}],"version-history":[{"count":22,"href":"https:\/\/www.analizgumruk.com.tr\/en\/wp-json\/wp\/v2\/pages\/15730\/revisions"}],"predecessor-version":[{"id":17671,"href":"https:\/\/www.analizgumruk.com.tr\/en\/wp-json\/wp\/v2\/pages\/15730\/revisions\/17671"}],"up":[{"embeddable":true,"href":"https:\/\/www.analizgumruk.com.tr\/en\/wp-json\/wp\/v2\/pages\/15645"}],"wp:attachment":[{"href":"https:\/\/www.analizgumruk.com.tr\/en\/wp-json\/wp\/v2\/media?parent=15730"}],"curies":[{"name":"wp","href":"https:\/\/api.w.org\/{rel}","templated":true}]}}