{"id":15711,"date":"2024-06-29T11:33:42","date_gmt":"2024-06-29T11:33:42","guid":{"rendered":"https:\/\/analizgumruk.com.tr\/en\/?page_id=15711"},"modified":"2024-12-07T21:09:04","modified_gmt":"2024-12-07T21:09:04","slug":"fields-of-expertise-and-competencies","status":"publish","type":"page","link":"https:\/\/www.analizgumruk.com.tr\/en\/fields-of-expertise-and-competencies\/","title":{"rendered":"F\u0131elds of Expert\u0131se and Competenc\u0131es"},"content":{"rendered":"","protected":false},"excerpt":{"rendered":"","protected":false},"author":1,"featured_media":0,"parent":0,"menu_order":0,"comment_status":"closed","ping_status":"closed","template":"","meta":{"footnotes":""},"class_list":["post-15711","page","type-page","status-publish","hentry"],"_links":{"self":[{"href":"https:\/\/www.analizgumruk.com.tr\/en\/wp-json\/wp\/v2\/pages\/15711"}],"collection":[{"href":"https:\/\/www.analizgumruk.com.tr\/en\/wp-json\/wp\/v2\/pages"}],"about":[{"href":"https:\/\/www.analizgumruk.com.tr\/en\/wp-json\/wp\/v2\/types\/page"}],"author":[{"embeddable":true,"href":"https:\/\/www.analizgumruk.com.tr\/en\/wp-json\/wp\/v2\/users\/1"}],"replies":[{"embeddable":true,"href":"https:\/\/www.analizgumruk.com.tr\/en\/wp-json\/wp\/v2\/comments?post=15711"}],"version-history":[{"count":6,"href":"https:\/\/www.analizgumruk.com.tr\/en\/wp-json\/wp\/v2\/pages\/15711\/revisions"}],"predecessor-version":[{"id":17654,"href":"https:\/\/www.analizgumruk.com.tr\/en\/wp-json\/wp\/v2\/pages\/15711\/revisions\/17654"}],"wp:attachment":[{"href":"https:\/\/www.analizgumruk.com.tr\/en\/wp-json\/wp\/v2\/media?parent=15711"}],"curies":[{"name":"wp","href":"https:\/\/api.w.org\/{rel}","templated":true}]}}