{"id":15692,"date":"2024-06-29T10:55:23","date_gmt":"2024-06-29T10:55:23","guid":{"rendered":"https:\/\/analizgumruk.com.tr\/en\/?page_id=15692"},"modified":"2024-12-07T21:10:03","modified_gmt":"2024-12-07T21:10:03","slug":"information-sharing-and-trainings","status":"publish","type":"page","link":"https:\/\/www.analizgumruk.com.tr\/en\/our-operational-methodology\/information-sharing-and-trainings\/","title":{"rendered":"Informat\u0131on Shar\u0131ng and Tra\u0131n\u0131ngs"},"content":{"rendered":"\t\t<div data-elementor-type=\"wp-page\" data-elementor-id=\"15692\" class=\"elementor elementor-15692\">\n\t\t\t\t\t\t<section class=\"elementor-section elementor-top-section elementor-element elementor-element-5dac33a elementor-section-content-middle elementor-section-full_width wd-section-stretch elementor-section-height-default elementor-section-height-default\" data-id=\"5dac33a\" data-element_type=\"section\">\n\t\t\t\t\t\t<div class=\"elementor-container elementor-column-gap-extended\">\n\t\t\t\t\t<div class=\"elementor-column elementor-col-100 elementor-top-column elementor-element elementor-element-6b35756\" data-id=\"6b35756\" data-element_type=\"column\">\n\t\t\t<div class=\"elementor-widget-wrap elementor-element-populated\">\n\t\t\t\t\t\t<div class=\"elementor-element elementor-element-66df5ea elementor-widget__width-inherit elementor-widget elementor-widget-heading\" data-id=\"66df5ea\" data-element_type=\"widget\" data-widget_type=\"heading.default\">\n\t\t\t\t<div class=\"elementor-widget-container\">\n\t\t\t\t\t<h2 class=\"elementor-heading-title elementor-size-default\">Information Sharing and Training<\/h2>\t\t\t\t<\/div>\n\t\t\t\t<\/div>\n\t\t\t\t\t<\/div>\n\t\t<\/div>\n\t\t\t\t\t<\/div>\n\t\t<\/section>\n\t\t<div class=\"elementor-element elementor-element-6012c4b wd-section-stretch e-flex e-con-boxed e-con e-parent\" data-id=\"6012c4b\" data-element_type=\"container\">\n\t\t\t\t\t<div class=\"e-con-inner\">\n\t\t<div class=\"elementor-element elementor-element-9f962f0 e-con-full e-flex e-con e-child\" data-id=\"9f962f0\" data-element_type=\"container\">\n\t\t\t\t<div class=\"elementor-element elementor-element-8c3d54e color-scheme-inherit text-left elementor-widget elementor-widget-text-editor\" data-id=\"8c3d54e\" data-element_type=\"widget\" data-widget_type=\"text-editor.default\">\n\t\t\t\t<div class=\"elementor-widget-container\">\n\t\t\t\t\t\t\t\t\t<p>At AGM, we share up-to-date information through multiple platforms and channels, including our emailing system, newsletters, reports, and online portals. The core of these information shares includes updates on current customs regulations and procedures, changes in trade policies, innovations in import and export procedures, and significant developments in various sectors.<br \/>In addition, the information and document requests of our business partners can vary departmentally. In this context, we regularly provide information regarding any potential risks in the commercial operations of our business partners and their management; analyses of the operational impacts of issues such as tax regulations, incentives, and compliance requirements are shared with relevant parties.<\/p>\t\t\t\t\t\t\t\t<\/div>\n\t\t\t\t<\/div>\n\t\t\t\t<\/div>\n\t\t<div class=\"elementor-element elementor-element-7a84aed e-con-full e-flex e-con e-child\" data-id=\"7a84aed\" data-element_type=\"container\">\n\t\t\t\t<div class=\"elementor-element elementor-element-a5871e2 elementor-widget elementor-widget-image\" data-id=\"a5871e2\" data-element_type=\"widget\" data-widget_type=\"image.default\">\n\t\t\t\t<div class=\"elementor-widget-container\">\n\t\t\t\t\t\t\t\t\t\t\t\t\t\t\t<img fetchpriority=\"high\" decoding=\"async\" width=\"626\" height=\"487\" src=\"https:\/\/www.analizgumruk.com.tr\/en\/wp-content\/uploads\/2024\/09\/alert-email-inbox-spam-virus-with-warning-caution-notification-internet-letter-security-p_820340-45375.jpg\" class=\"attachment-medium_large size-medium_large wp-image-16469\" alt=\"\" srcset=\"https:\/\/www.analizgumruk.com.tr\/en\/wp-content\/uploads\/2024\/09\/alert-email-inbox-spam-virus-with-warning-caution-notification-internet-letter-security-p_820340-45375.jpg 626w, https:\/\/www.analizgumruk.com.tr\/en\/wp-content\/uploads\/2024\/09\/alert-email-inbox-spam-virus-with-warning-caution-notification-internet-letter-security-p_820340-45375-386x300.jpg 386w\" sizes=\"(max-width: 626px) 100vw, 626px\" \/>\t\t\t\t\t\t\t\t\t\t\t\t\t\t\t<\/div>\n\t\t\t\t<\/div>\n\t\t\t\t<\/div>\n\t\t\t\t\t<\/div>\n\t\t\t\t<\/div>\n\t\t<div class=\"elementor-element elementor-element-e2ad8e8 wd-section-stretch e-flex e-con-boxed e-con e-parent\" data-id=\"e2ad8e8\" data-element_type=\"container\">\n\t\t\t\t\t<div class=\"e-con-inner\">\n\t\t<div class=\"elementor-element elementor-element-57120c3 e-con-full e-flex e-con e-child\" data-id=\"57120c3\" data-element_type=\"container\">\n\t\t\t\t<div class=\"elementor-element elementor-element-5942a5d elementor-widget-mobile__width-inherit color-scheme-inherit text-left elementor-widget elementor-widget-text-editor\" data-id=\"5942a5d\" data-element_type=\"widget\" data-widget_type=\"text-editor.default\">\n\t\t\t\t<div class=\"elementor-widget-container\">\n\t\t\t\t\t\t\t\t\t<p>Furthermore, in the context of strategic topics and processes, we conduct information-sharing and strategy development actions such as roundtable meetings and focus group studies that bring together relevant stakeholders. For critical changes and updates that may reveal educational needs, we organize both online and in-person training programs.<\/p>\t\t\t\t\t\t\t\t<\/div>\n\t\t\t\t<\/div>\n\t\t\t\t<\/div>\n\t\t<div class=\"elementor-element elementor-element-4b187e8 e-con-full e-flex e-con e-child\" data-id=\"4b187e8\" data-element_type=\"container\">\n\t\t\t\t<div class=\"elementor-element elementor-element-a95e6b7 elementor-widget elementor-widget-image\" data-id=\"a95e6b7\" data-element_type=\"widget\" data-widget_type=\"image.default\">\n\t\t\t\t<div class=\"elementor-widget-container\">\n\t\t\t\t\t\t\t\t\t\t\t\t\t\t\t<img decoding=\"async\" width=\"626\" height=\"351\" src=\"https:\/\/www.analizgumruk.com.tr\/en\/wp-content\/uploads\/2024\/09\/topdown-view-diverse-group-professionals-engaged-meeting-around-hexagonal-wooden-table-with-documents-central-potted-plant_132358-84896.jpg\" class=\"attachment-medium_large size-medium_large wp-image-16470\" alt=\"\" srcset=\"https:\/\/www.analizgumruk.com.tr\/en\/wp-content\/uploads\/2024\/09\/topdown-view-diverse-group-professionals-engaged-meeting-around-hexagonal-wooden-table-with-documents-central-potted-plant_132358-84896.jpg 626w, https:\/\/www.analizgumruk.com.tr\/en\/wp-content\/uploads\/2024\/09\/topdown-view-diverse-group-professionals-engaged-meeting-around-hexagonal-wooden-table-with-documents-central-potted-plant_132358-84896-400x224.jpg 400w\" sizes=\"(max-width: 626px) 100vw, 626px\" \/>\t\t\t\t\t\t\t\t\t\t\t\t\t\t\t<\/div>\n\t\t\t\t<\/div>\n\t\t\t\t<\/div>\n\t\t\t\t\t<\/div>\n\t\t\t\t<\/div>\n\t\t\t\t<\/div>\n\t\t","protected":false},"excerpt":{"rendered":"<p>Information Sharing and Training At AGM, we share up-to-date information through multiple platforms and channels, including our emailing system, newsletters,<\/p>\n","protected":false},"author":1,"featured_media":0,"parent":15626,"menu_order":0,"comment_status":"closed","ping_status":"closed","template":"","meta":{"footnotes":""},"class_list":["post-15692","page","type-page","status-publish","hentry"],"_links":{"self":[{"href":"https:\/\/www.analizgumruk.com.tr\/en\/wp-json\/wp\/v2\/pages\/15692"}],"collection":[{"href":"https:\/\/www.analizgumruk.com.tr\/en\/wp-json\/wp\/v2\/pages"}],"about":[{"href":"https:\/\/www.analizgumruk.com.tr\/en\/wp-json\/wp\/v2\/types\/page"}],"author":[{"embeddable":true,"href":"https:\/\/www.analizgumruk.com.tr\/en\/wp-json\/wp\/v2\/users\/1"}],"replies":[{"embeddable":true,"href":"https:\/\/www.analizgumruk.com.tr\/en\/wp-json\/wp\/v2\/comments?post=15692"}],"version-history":[{"count":52,"href":"https:\/\/www.analizgumruk.com.tr\/en\/wp-json\/wp\/v2\/pages\/15692\/revisions"}],"predecessor-version":[{"id":17663,"href":"https:\/\/www.analizgumruk.com.tr\/en\/wp-json\/wp\/v2\/pages\/15692\/revisions\/17663"}],"up":[{"embeddable":true,"href":"https:\/\/www.analizgumruk.com.tr\/en\/wp-json\/wp\/v2\/pages\/15626"}],"wp:attachment":[{"href":"https:\/\/www.analizgumruk.com.tr\/en\/wp-json\/wp\/v2\/media?parent=15692"}],"curies":[{"name":"wp","href":"https:\/\/api.w.org\/{rel}","templated":true}]}}