{"id":15686,"date":"2024-06-29T10:54:10","date_gmt":"2024-06-29T10:54:10","guid":{"rendered":"https:\/\/analizgumruk.com.tr\/en\/?page_id=15686"},"modified":"2024-12-07T21:10:28","modified_gmt":"2024-12-07T21:10:28","slug":"specialization","status":"publish","type":"page","link":"https:\/\/www.analizgumruk.com.tr\/en\/our-operational-methodology\/specialization\/","title":{"rendered":"Spec\u0131al\u0131zat\u0131on"},"content":{"rendered":"\t\t<div data-elementor-type=\"wp-page\" data-elementor-id=\"15686\" class=\"elementor elementor-15686\">\n\t\t\t\t\t\t<section class=\"elementor-section elementor-top-section elementor-element elementor-element-17ef96a elementor-section-content-middle elementor-section-full_width wd-section-stretch elementor-section-height-default elementor-section-height-default\" data-id=\"17ef96a\" data-element_type=\"section\">\n\t\t\t\t\t\t<div class=\"elementor-container elementor-column-gap-no\">\n\t\t\t\t\t<div class=\"elementor-column elementor-col-100 elementor-top-column elementor-element elementor-element-0b8ce9a\" data-id=\"0b8ce9a\" data-element_type=\"column\">\n\t\t\t<div class=\"elementor-widget-wrap elementor-element-populated\">\n\t\t\t\t\t\t<div class=\"elementor-element elementor-element-dde6a98 elementor-widget elementor-widget-heading\" data-id=\"dde6a98\" data-element_type=\"widget\" data-widget_type=\"heading.default\">\n\t\t\t\t<div class=\"elementor-widget-container\">\n\t\t\t\t\t<h2 class=\"elementor-heading-title elementor-size-default\">Specialization<\/h2>\t\t\t\t<\/div>\n\t\t\t\t<\/div>\n\t\t\t\t\t<\/div>\n\t\t<\/div>\n\t\t\t\t\t<\/div>\n\t\t<\/section>\n\t\t<div class=\"elementor-element elementor-element-0a12832 wd-section-stretch e-flex e-con-boxed e-con e-parent\" data-id=\"0a12832\" data-element_type=\"container\">\n\t\t\t\t\t<div class=\"e-con-inner\">\n\t\t<div class=\"elementor-element elementor-element-74a29ff e-con-full e-flex e-con e-child\" data-id=\"74a29ff\" data-element_type=\"container\">\n\t\t\t\t<div class=\"elementor-element elementor-element-4599718 color-scheme-inherit text-left elementor-widget elementor-widget-text-editor\" data-id=\"4599718\" data-element_type=\"widget\" data-widget_type=\"text-editor.default\">\n\t\t\t\t<div class=\"elementor-widget-container\">\n\t\t\t\t\t\t\t\t\t<p class=\"s2\">In customs consultancy services, the specialization of the team is crucial for enhancing service quality and ensuring the satisfaction of our business partners. Since each sector has unique requirements and customer needs, specialized teams possess the knowledge and experience necessary to effectively ensure operational efficiency.<br \/>For example, the chemical sector involves aspects such as chemical hazard classifications, laboratory testing and analysis, certification requirements, packaging, labeling, special transportation and storage conditions, regulations, and environmental compliance permits and registrations. It may also include trade incentives as a strategic input, as well as quotas and suspension measures derived from international or regional trade agreements.<\/p>\t\t\t\t\t\t\t\t<\/div>\n\t\t\t\t<\/div>\n\t\t\t\t<\/div>\n\t\t<div class=\"elementor-element elementor-element-22cec8b e-con-full e-flex e-con e-child\" data-id=\"22cec8b\" data-element_type=\"container\">\n\t\t\t\t<div class=\"elementor-element elementor-element-99dce34 elementor-widget__width-initial elementor-widget elementor-widget-image\" data-id=\"99dce34\" data-element_type=\"widget\" data-widget_type=\"image.default\">\n\t\t\t\t<div class=\"elementor-widget-container\">\n\t\t\t\t\t\t\t\t\t\t\t\t\t\t\t<img fetchpriority=\"high\" decoding=\"async\" width=\"625\" height=\"528\" src=\"https:\/\/www.analizgumruk.com.tr\/en\/wp-content\/uploads\/2024\/09\/smart-logistics-businessman-touch-connected-data-global-logistics-network-distribution-large-warehouse-transportation-technology-digital-network-innovation-future-transporting_1028938-135028-e1725224062117.jpg\" class=\"attachment-medium_large size-medium_large wp-image-16448\" alt=\"\" srcset=\"https:\/\/www.analizgumruk.com.tr\/en\/wp-content\/uploads\/2024\/09\/smart-logistics-businessman-touch-connected-data-global-logistics-network-distribution-large-warehouse-transportation-technology-digital-network-innovation-future-transporting_1028938-135028-e1725224062117.jpg 625w, https:\/\/www.analizgumruk.com.tr\/en\/wp-content\/uploads\/2024\/09\/smart-logistics-businessman-touch-connected-data-global-logistics-network-distribution-large-warehouse-transportation-technology-digital-network-innovation-future-transporting_1028938-135028-e1725224062117-355x300.jpg 355w\" sizes=\"(max-width: 625px) 100vw, 625px\" \/>\t\t\t\t\t\t\t\t\t\t\t\t\t\t\t<\/div>\n\t\t\t\t<\/div>\n\t\t\t\t<\/div>\n\t\t\t\t\t<\/div>\n\t\t\t\t<\/div>\n\t\t<div class=\"elementor-element elementor-element-3bb2a61 wd-section-stretch e-flex e-con-boxed e-con e-parent\" data-id=\"3bb2a61\" data-element_type=\"container\">\n\t\t\t\t\t<div class=\"e-con-inner\">\n\t\t<div class=\"elementor-element elementor-element-47dc2b7 e-con-full e-flex e-con e-child\" data-id=\"47dc2b7\" data-element_type=\"container\">\n\t\t\t\t<div class=\"elementor-element elementor-element-8fcbc3e color-scheme-inherit text-left elementor-widget elementor-widget-text-editor\" data-id=\"8fcbc3e\" data-element_type=\"widget\" data-widget_type=\"text-editor.default\">\n\t\t\t\t<div class=\"elementor-widget-container\">\n\t\t\t\t\t\t\t\t\t<p class=\"s2\">Other examples include the textile and apparel sectors, which are subject to stringent protective measures, while the machinery and equipment sector faces regimes, technical barriers, and compliance inspections affecting operations from start to finish, particularly in the import or export of new, used, or refurbished machinery.<br \/>In this context, specialized experts, with in-depth knowledge of sectoral regulations and practices, not only provide the most accurate solutions to our business partners but also contribute to their competitiveness. This specialization results in differentiated service in terms of speed, quality, reliability, responsibility, examination and correct application of relevant legislation, and even communication with customs authorities.<\/p>\t\t\t\t\t\t\t\t<\/div>\n\t\t\t\t<\/div>\n\t\t\t\t<\/div>\n\t\t<div class=\"elementor-element elementor-element-c792d3e e-con-full e-flex e-con e-child\" data-id=\"c792d3e\" data-element_type=\"container\">\n\t\t\t\t<div class=\"elementor-element elementor-element-9fe9c3a elementor-widget__width-initial elementor-widget elementor-widget-image\" data-id=\"9fe9c3a\" data-element_type=\"widget\" data-widget_type=\"image.default\">\n\t\t\t\t<div class=\"elementor-widget-container\">\n\t\t\t\t\t\t\t\t\t\t\t\t\t\t\t<img decoding=\"async\" src=\"https:\/\/www.analizgumruk.com.tr\/en\/wp-content\/uploads\/elementor\/thumbs\/O76k3meVTaN-z-0-y-66afcadd0ce7a76a578fbda8-qxyc3fjde42funchhpw158gzde7ub6cjsvvtehwn84.webp\" title=\"O76k3meVTaN-z-0-y-66afcadd0ce7a76a578fbda8\" alt=\"O76k3meVTaN-z-0-y-66afcadd0ce7a76a578fbda8\" loading=\"lazy\" \/>\t\t\t\t\t\t\t\t\t\t\t\t\t\t\t<\/div>\n\t\t\t\t<\/div>\n\t\t\t\t<\/div>\n\t\t\t\t\t<\/div>\n\t\t\t\t<\/div>\n\t\t\t\t<\/div>\n\t\t","protected":false},"excerpt":{"rendered":"<p>Specialization In customs consultancy services, the specialization of the team is crucial for enhancing service quality and ensuring the satisfaction<\/p>\n","protected":false},"author":1,"featured_media":0,"parent":15626,"menu_order":0,"comment_status":"closed","ping_status":"closed","template":"","meta":{"footnotes":""},"class_list":["post-15686","page","type-page","status-publish","hentry"],"_links":{"self":[{"href":"https:\/\/www.analizgumruk.com.tr\/en\/wp-json\/wp\/v2\/pages\/15686"}],"collection":[{"href":"https:\/\/www.analizgumruk.com.tr\/en\/wp-json\/wp\/v2\/pages"}],"about":[{"href":"https:\/\/www.analizgumruk.com.tr\/en\/wp-json\/wp\/v2\/types\/page"}],"author":[{"embeddable":true,"href":"https:\/\/www.analizgumruk.com.tr\/en\/wp-json\/wp\/v2\/users\/1"}],"replies":[{"embeddable":true,"href":"https:\/\/www.analizgumruk.com.tr\/en\/wp-json\/wp\/v2\/comments?post=15686"}],"version-history":[{"count":19,"href":"https:\/\/www.analizgumruk.com.tr\/en\/wp-json\/wp\/v2\/pages\/15686\/revisions"}],"predecessor-version":[{"id":17665,"href":"https:\/\/www.analizgumruk.com.tr\/en\/wp-json\/wp\/v2\/pages\/15686\/revisions\/17665"}],"up":[{"embeddable":true,"href":"https:\/\/www.analizgumruk.com.tr\/en\/wp-json\/wp\/v2\/pages\/15626"}],"wp:attachment":[{"href":"https:\/\/www.analizgumruk.com.tr\/en\/wp-json\/wp\/v2\/media?parent=15686"}],"curies":[{"name":"wp","href":"https:\/\/api.w.org\/{rel}","templated":true}]}}