{"id":15684,"date":"2024-06-29T10:53:27","date_gmt":"2024-06-29T10:53:27","guid":{"rendered":"https:\/\/analizgumruk.com.tr\/en\/?page_id=15684"},"modified":"2024-12-07T21:10:17","modified_gmt":"2024-12-07T21:10:17","slug":"liability-coverage","status":"publish","type":"page","link":"https:\/\/www.analizgumruk.com.tr\/en\/our-operational-methodology\/liability-coverage\/","title":{"rendered":"L\u0131ab\u0131l\u0131ty Coverage"},"content":{"rendered":"\t\t<div data-elementor-type=\"wp-page\" data-elementor-id=\"15684\" class=\"elementor elementor-15684\">\n\t\t\t\t\t\t<section class=\"elementor-section elementor-top-section elementor-element elementor-element-0dccd15 elementor-section-content-middle elementor-section-full_width wd-section-stretch elementor-section-height-default elementor-section-height-default\" data-id=\"0dccd15\" data-element_type=\"section\">\n\t\t\t\t\t\t<div class=\"elementor-container elementor-column-gap-extended\">\n\t\t\t\t\t<div class=\"elementor-column elementor-col-100 elementor-top-column elementor-element elementor-element-9d8f7f6\" data-id=\"9d8f7f6\" data-element_type=\"column\">\n\t\t\t<div class=\"elementor-widget-wrap elementor-element-populated\">\n\t\t\t\t\t\t<div class=\"elementor-element elementor-element-78c7a5d elementor-widget__width-inherit elementor-widget elementor-widget-heading\" data-id=\"78c7a5d\" data-element_type=\"widget\" data-widget_type=\"heading.default\">\n\t\t\t\t<div class=\"elementor-widget-container\">\n\t\t\t\t\t<h2 class=\"elementor-heading-title elementor-size-default\">Liability Coverage<\/h2>\t\t\t\t<\/div>\n\t\t\t\t<\/div>\n\t\t\t\t\t<\/div>\n\t\t<\/div>\n\t\t\t\t\t<\/div>\n\t\t<\/section>\n\t\t<div class=\"elementor-element elementor-element-24b093b wd-section-stretch e-flex e-con-boxed e-con e-parent\" data-id=\"24b093b\" data-element_type=\"container\">\n\t\t\t\t\t<div class=\"e-con-inner\">\n\t\t<div class=\"elementor-element elementor-element-e1fc8a7 e-con-full e-flex e-con e-child\" data-id=\"e1fc8a7\" data-element_type=\"container\">\n\t\t\t\t<div class=\"elementor-element elementor-element-e4b0715 color-scheme-inherit text-left elementor-widget elementor-widget-text-editor\" data-id=\"e4b0715\" data-element_type=\"widget\" data-widget_type=\"text-editor.default\">\n\t\t\t\t<div class=\"elementor-widget-container\">\n\t\t\t\t\t\t\t\t\t<p class=\"s2\">As\u00a0<span style=\"color: #ff6600;\"><b>AGM,<\/b><\/span>\u00a0we maintain a guaranteed professional liability insurance to ensure the security of our professional services. This insurance protects our business partners from financial losses in the face of unexpected situations. Thus, the trust in the services we provide is strengthened, while risk-minimized services continue without being affected by possible errors. The insurance covers financial losses and legal expenses that may arise unexpectedly due to errors, negligence, or faults during the execution of professional activities.<\/p>\t\t\t\t\t\t\t\t<\/div>\n\t\t\t\t<\/div>\n\t\t\t\t<\/div>\n\t\t<div class=\"elementor-element elementor-element-9e9356b e-con-full e-flex e-con e-child\" data-id=\"9e9356b\" data-element_type=\"container\">\n\t\t\t\t<div class=\"elementor-element elementor-element-5c836dc elementor-widget__width-initial elementor-widget elementor-widget-image\" data-id=\"5c836dc\" data-element_type=\"widget\" data-widget_type=\"image.default\">\n\t\t\t\t<div class=\"elementor-widget-container\">\n\t\t\t\t\t\t\t\t\t\t\t\t\t\t\t<img fetchpriority=\"high\" decoding=\"async\" width=\"1300\" height=\"731\" src=\"https:\/\/www.analizgumruk.com.tr\/en\/wp-content\/uploads\/2024\/09\/2.2.-Mesleki-Sorumluluk-2-1300x731.webp\" class=\"attachment-large size-large wp-image-16441\" alt=\"\" srcset=\"https:\/\/www.analizgumruk.com.tr\/en\/wp-content\/uploads\/2024\/09\/2.2.-Mesleki-Sorumluluk-2-1300x731.webp 1300w, https:\/\/www.analizgumruk.com.tr\/en\/wp-content\/uploads\/2024\/09\/2.2.-Mesleki-Sorumluluk-2-400x225.webp 400w, https:\/\/www.analizgumruk.com.tr\/en\/wp-content\/uploads\/2024\/09\/2.2.-Mesleki-Sorumluluk-2-768x432.webp 768w, https:\/\/www.analizgumruk.com.tr\/en\/wp-content\/uploads\/2024\/09\/2.2.-Mesleki-Sorumluluk-2-1536x864.webp 1536w, https:\/\/www.analizgumruk.com.tr\/en\/wp-content\/uploads\/2024\/09\/2.2.-Mesleki-Sorumluluk-2-2048x1152.webp 2048w\" sizes=\"(max-width: 1300px) 100vw, 1300px\" \/>\t\t\t\t\t\t\t\t\t\t\t\t\t\t\t<\/div>\n\t\t\t\t<\/div>\n\t\t\t\t<\/div>\n\t\t\t\t\t<\/div>\n\t\t\t\t<\/div>\n\t\t\t\t<\/div>\n\t\t","protected":false},"excerpt":{"rendered":"<p>Liability Coverage As\u00a0AGM,\u00a0we maintain a guaranteed professional liability insurance to ensure the security of our professional services. This insurance protects<\/p>\n","protected":false},"author":1,"featured_media":0,"parent":15626,"menu_order":0,"comment_status":"closed","ping_status":"closed","template":"","meta":{"footnotes":""},"class_list":["post-15684","page","type-page","status-publish","hentry"],"_links":{"self":[{"href":"https:\/\/www.analizgumruk.com.tr\/en\/wp-json\/wp\/v2\/pages\/15684"}],"collection":[{"href":"https:\/\/www.analizgumruk.com.tr\/en\/wp-json\/wp\/v2\/pages"}],"about":[{"href":"https:\/\/www.analizgumruk.com.tr\/en\/wp-json\/wp\/v2\/types\/page"}],"author":[{"embeddable":true,"href":"https:\/\/www.analizgumruk.com.tr\/en\/wp-json\/wp\/v2\/users\/1"}],"replies":[{"embeddable":true,"href":"https:\/\/www.analizgumruk.com.tr\/en\/wp-json\/wp\/v2\/comments?post=15684"}],"version-history":[{"count":31,"href":"https:\/\/www.analizgumruk.com.tr\/en\/wp-json\/wp\/v2\/pages\/15684\/revisions"}],"predecessor-version":[{"id":17664,"href":"https:\/\/www.analizgumruk.com.tr\/en\/wp-json\/wp\/v2\/pages\/15684\/revisions\/17664"}],"up":[{"embeddable":true,"href":"https:\/\/www.analizgumruk.com.tr\/en\/wp-json\/wp\/v2\/pages\/15626"}],"wp:attachment":[{"href":"https:\/\/www.analizgumruk.com.tr\/en\/wp-json\/wp\/v2\/media?parent=15684"}],"curies":[{"name":"wp","href":"https:\/\/api.w.org\/{rel}","templated":true}]}}